{"id":1165,"date":"2024-10-15T15:34:55","date_gmt":"2024-10-15T15:34:55","guid":{"rendered":"https:\/\/cmbs-tax.com\/?page_id=1165"},"modified":"2025-03-18T07:13:27","modified_gmt":"2025-03-18T07:13:27","slug":"know-more","status":"publish","type":"page","link":"https:\/\/cmbs-tax.com\/es\/know-more\/","title":{"rendered":"Informacion sobre Denys Siiushov"},"content":{"rendered":"\n<div class=\"wp-block-media-text is-stacked-on-mobile is-image-fill-element\"><figure class=\"wp-block-media-text__media\"><img loading=\"lazy\" decoding=\"async\" width=\"683\" height=\"1024\" src=\"https:\/\/cmbs-tax.com\/wp-content\/uploads\/2024\/10\/denys-siiushov-hd-1-683x1024.webp\" alt=\"\" class=\"wp-image-1102 size-full\" style=\"object-position:56% 18%\" srcset=\"https:\/\/cmbs-tax.com\/wp-content\/uploads\/2024\/10\/denys-siiushov-hd-1-683x1024.webp 683w, https:\/\/cmbs-tax.com\/wp-content\/uploads\/2024\/10\/denys-siiushov-hd-1-200x300.webp 200w, https:\/\/cmbs-tax.com\/wp-content\/uploads\/2024\/10\/denys-siiushov-hd-1-768x1152.webp 768w, https:\/\/cmbs-tax.com\/wp-content\/uploads\/2024\/10\/denys-siiushov-hd-1-1024x1536.webp 1024w, https:\/\/cmbs-tax.com\/wp-content\/uploads\/2024\/10\/denys-siiushov-hd-1-1365x2048.webp 1365w, https:\/\/cmbs-tax.com\/wp-content\/uploads\/2024\/10\/denys-siiushov-hd-1-scaled.webp 1706w\" sizes=\"auto, (max-width: 683px) 100vw, 683px\" \/><\/figure><div class=\"wp-block-media-text__content\">\n<p>El Dr. Denys Siiushov se especializa en derecho tributario, estructuraci\u00f3n de negocios internacionales, derecho corporativo, fusiones y adquisiciones (M&amp;A), adquisici\u00f3n y venta de activos y relaciones con inversores. Tiene un gran conocimiento en la gesti\u00f3n de relaciones gubernamentales complejas y tiene una trayectoria comprobada en la orientaci\u00f3n a clientes privados en asuntos personales y familiares, en particular en la estructuraci\u00f3n de obligaciones tributarias y el cumplimiento de intrincadas regulaciones bancarias.<\/p>\n\n\n\n<p><strong>\u00c1reas de pr\u00e1ctica<\/strong><\/p>\n\n\n\n<ul class=\"wp-block-list\">\n<li>Impuestos \/ Impuestos internacionales<\/li>\n\n\n\n<li>Clientes privados<\/li>\n\n\n\n<li>Derecho corporativo \/ Fusiones y adquisiciones<\/li>\n<\/ul>\n\n\n\n<p><strong>Experiencia profesional<\/strong><\/p>\n\n\n\n<p>El Dr. Siiushov tiene una amplia trayectoria trabajando con prestigiosas organizaciones, incluidas una de las \u00ab4 grandes\u00bb firmas de contabilidad y una de las cinco principales firmas de abogados de Ucrania. Como abogado, ha brindado asistencia legal a personas de alto patrimonio, ofreciendo asesoramiento experto tanto en asuntos personales como comerciales. Se ha desempe\u00f1ado como asesor de un viceprimer ministro de Ucrania y como asesor de miembros del Parlamento de Ucrania, centr\u00e1ndose principalmente en el Comit\u00e9 de Finanzas, Impuestos y Pol\u00edtica Aduanera.<\/p>\n<\/div><\/div>\n\n\n\n<p><\/p>\n\n\n\n<p><strong>Experiencia profesional<\/strong><\/p>\n\n\n\n<p>El Dr. Siiushov tiene una amplia trayectoria trabajando con prestigiosas organizaciones, incluidas una de las \u00ab4 grandes\u00bb firmas de contabilidad y una de las cinco principales firmas de abogados de Ucrania. Como abogado, ha brindado asistencia legal a personas de alto patrimonio, ofreciendo asesoramiento experto tanto en asuntos personales como comerciales. Se ha desempe\u00f1ado como asesor de un viceprimer ministro de Ucrania y como asesor de miembros del Parlamento de Ucrania, centr\u00e1ndose principalmente en el Comit\u00e9 de Finanzas, Impuestos y Pol\u00edtica Aduanera.<\/p>\n\n\n\n<p><strong>Servicio p\u00fablico<\/strong><\/p>\n\n\n\n<p>Durante su mandato en el Parlamento ucraniano, el Dr. Siiushov contribuy\u00f3 a la redacci\u00f3n de casi 100 leyes, principalmente en los campos de impuestos, finanzas, aduanas, antimonopolio y derecho penal. Es autor de numerosos art\u00edculos cient\u00edficos sobre derecho tributario, corporativo y antimonopolio, y ha brindado opiniones jur\u00eddicas especializadas al Tribunal Supremo de Ucrania.<\/p>\n\n\n\n<div class=\"wp-block-group is-content-justification-center is-nowrap is-layout-flex wp-container-core-group-is-layout-94bc23d7 wp-block-group-is-layout-flex\">\n<figure class=\"wp-block-image size-large is-resized\"><img loading=\"lazy\" decoding=\"async\" width=\"791\" height=\"1024\" src=\"https:\/\/cmbs-tax.com\/wp-content\/uploads\/2024\/10\/tax-agency-final-certificate-on-05-oct-2024-page-4-791x1024.webp\" alt=\"\" class=\"wp-image-751\" style=\"width:483px;height:auto\" srcset=\"https:\/\/cmbs-tax.com\/wp-content\/uploads\/2024\/10\/tax-agency-final-certificate-on-05-oct-2024-page-4-791x1024.webp 791w, https:\/\/cmbs-tax.com\/wp-content\/uploads\/2024\/10\/tax-agency-final-certificate-on-05-oct-2024-page-4-232x300.webp 232w, https:\/\/cmbs-tax.com\/wp-content\/uploads\/2024\/10\/tax-agency-final-certificate-on-05-oct-2024-page-4-768x994.webp 768w, https:\/\/cmbs-tax.com\/wp-content\/uploads\/2024\/10\/tax-agency-final-certificate-on-05-oct-2024-page-4.webp 1173w\" sizes=\"auto, (max-width: 791px) 100vw, 791px\" \/><\/figure>\n\n\n\n<figure class=\"wp-block-image size-full is-resized\"><img loading=\"lazy\" decoding=\"async\" width=\"565\" height=\"737\" src=\"https:\/\/cmbs-tax.com\/wp-content\/uploads\/2025\/03\/screenshot-2025-03-18-110609-2.webp\" alt=\"\" class=\"wp-image-1767\" style=\"width:483px;height:auto\" srcset=\"https:\/\/cmbs-tax.com\/wp-content\/uploads\/2025\/03\/screenshot-2025-03-18-110609-2.webp 565w, https:\/\/cmbs-tax.com\/wp-content\/uploads\/2025\/03\/screenshot-2025-03-18-110609-2-230x300.webp 230w\" sizes=\"auto, (max-width: 565px) 100vw, 565px\" \/><\/figure>\n<\/div>\n","protected":false},"excerpt":{"rendered":"<p>Experiencia profesional El Dr. Siiushov tiene una amplia trayectoria trabajando con prestigiosas organizaciones, incluidas una de las \u00ab4 grandes\u00bb firmas de contabilidad y una de las cinco principales firmas de abogados de Ucrania. Como abogado, ha brindado asistencia legal a personas de alto patrimonio, ofreciendo asesoramiento experto tanto en asuntos personales como comerciales. Se ha [&hellip;]<\/p>\n","protected":false},"author":3,"featured_media":0,"parent":0,"menu_order":0,"comment_status":"closed","ping_status":"closed","template":"","meta":{"_acf_changed":false,"footnotes":""},"class_list":["post-1165","page","type-page","status-publish","hentry"],"acf":[],"yoast_head":"<!-- This site is optimized with the Yoast SEO plugin v24.3 - https:\/\/yoast.com\/wordpress\/plugins\/seo\/ -->\n<title>Informacion sobre Denys Siiushov - CMBS Middle East TAX Consultancy derecho tributario consultoria<\/title>\n<meta name=\"description\" content=\"Somos expertos en derecho tributario, ofreciendo asesor\u00eda legal especializada CMBS Middle East TAX Consultancy\" \/>\n<meta name=\"robots\" content=\"index, follow, max-snippet:-1, max-image-preview:large, max-video-preview:-1\" \/>\n<link rel=\"canonical\" href=\"https:\/\/cmbs-tax.com\/es\/know-more\/\" \/>\n<meta property=\"og:locale\" content=\"es_ES\" \/>\n<meta property=\"og:type\" content=\"article\" \/>\n<meta property=\"og:title\" content=\"Informacion sobre Denys Siiushov - CMBS Middle East TAX Consultancy derecho tributario consultoria\" \/>\n<meta property=\"og:description\" content=\"Somos expertos en derecho tributario, ofreciendo asesor\u00eda legal especializada CMBS Middle East TAX Consultancy\" \/>\n<meta property=\"og:url\" content=\"https:\/\/cmbs-tax.com\/es\/know-more\/\" \/>\n<meta property=\"og:site_name\" content=\"CMBS Middle East TAX Consultancy\" \/>\n<meta property=\"article:publisher\" content=\"https:\/\/www.facebook.com\/cmbs.partners\" \/>\n<meta property=\"article:modified_time\" content=\"2025-03-18T07:13:27+00:00\" \/>\n<meta property=\"og:image\" content=\"https:\/\/cmbs-tax.com\/wp-content\/uploads\/2024\/10\/denys-siiushov-hd-1-scaled.webp\" \/>\n\t<meta property=\"og:image:width\" content=\"1706\" \/>\n\t<meta property=\"og:image:height\" content=\"2560\" \/>\n\t<meta property=\"og:image:type\" content=\"image\/webp\" \/>\n<meta name=\"twitter:card\" content=\"summary_large_image\" \/>\n<meta name=\"twitter:label1\" content=\"Tiempo de lectura\" \/>\n\t<meta name=\"twitter:data1\" content=\"3 minutos\" \/>\n<script type=\"application\/ld+json\" class=\"yoast-schema-graph\">{\"@context\":\"https:\/\/schema.org\",\"@graph\":[{\"@type\":\"WebPage\",\"@id\":\"https:\/\/cmbs-tax.com\/es\/know-more\/\",\"url\":\"https:\/\/cmbs-tax.com\/es\/know-more\/\",\"name\":\"Informacion sobre Denys Siiushov - CMBS Middle East TAX Consultancy derecho tributario consultoria\",\"isPartOf\":{\"@id\":\"https:\/\/cmbs-tax.com\/es\/#website\"},\"primaryImageOfPage\":{\"@id\":\"https:\/\/cmbs-tax.com\/es\/know-more\/#primaryimage\"},\"image\":{\"@id\":\"https:\/\/cmbs-tax.com\/es\/know-more\/#primaryimage\"},\"thumbnailUrl\":\"https:\/\/cmbs-tax.com\/wp-content\/uploads\/2024\/10\/denys-siiushov-hd-1-683x1024.webp\",\"datePublished\":\"2024-10-15T15:34:55+00:00\",\"dateModified\":\"2025-03-18T07:13:27+00:00\",\"description\":\"Somos expertos en derecho tributario, ofreciendo asesor\u00eda legal especializada CMBS Middle East TAX Consultancy\",\"breadcrumb\":{\"@id\":\"https:\/\/cmbs-tax.com\/es\/know-more\/#breadcrumb\"},\"inLanguage\":\"es\",\"potentialAction\":[{\"@type\":\"ReadAction\",\"target\":[\"https:\/\/cmbs-tax.com\/es\/know-more\/\"]}]},{\"@type\":\"ImageObject\",\"inLanguage\":\"es\",\"@id\":\"https:\/\/cmbs-tax.com\/es\/know-more\/#primaryimage\",\"url\":\"https:\/\/cmbs-tax.com\/wp-content\/uploads\/2024\/10\/denys-siiushov-hd-1-683x1024.webp\",\"contentUrl\":\"https:\/\/cmbs-tax.com\/wp-content\/uploads\/2024\/10\/denys-siiushov-hd-1-683x1024.webp\"},{\"@type\":\"BreadcrumbList\",\"@id\":\"https:\/\/cmbs-tax.com\/es\/know-more\/#breadcrumb\",\"itemListElement\":[{\"@type\":\"ListItem\",\"position\":1,\"name\":\"Home\",\"item\":\"https:\/\/cmbs-tax.com\/es\/\"},{\"@type\":\"ListItem\",\"position\":2,\"name\":\"Informacion sobre Denys Siiushov\"}]},{\"@type\":\"WebSite\",\"@id\":\"https:\/\/cmbs-tax.com\/es\/#website\",\"url\":\"https:\/\/cmbs-tax.com\/es\/\",\"name\":\"CMBS Middle East TAX Consultancy\",\"description\":\"TAX Consultancy\",\"publisher\":{\"@id\":\"https:\/\/cmbs-tax.com\/es\/#organization\"},\"potentialAction\":[{\"@type\":\"SearchAction\",\"target\":{\"@type\":\"EntryPoint\",\"urlTemplate\":\"https:\/\/cmbs-tax.com\/es\/?s={search_term_string}\"},\"query-input\":{\"@type\":\"PropertyValueSpecification\",\"valueRequired\":true,\"valueName\":\"search_term_string\"}}],\"inLanguage\":\"es\"},{\"@type\":\"Organization\",\"@id\":\"https:\/\/cmbs-tax.com\/es\/#organization\",\"name\":\"CMBS Middle East TAX Consultancy\",\"url\":\"https:\/\/cmbs-tax.com\/es\/\",\"logo\":{\"@type\":\"ImageObject\",\"inLanguage\":\"es\",\"@id\":\"https:\/\/cmbs-tax.com\/es\/#\/schema\/logo\/image\/\",\"url\":\"https:\/\/cmbs-tax.com\/wp-content\/uploads\/2024\/10\/cbms-law-logo-green-bg-1.webp\",\"contentUrl\":\"https:\/\/cmbs-tax.com\/wp-content\/uploads\/2024\/10\/cbms-law-logo-green-bg-1.webp\",\"width\":2083,\"height\":2083,\"caption\":\"CMBS Middle East TAX Consultancy\"},\"image\":{\"@id\":\"https:\/\/cmbs-tax.com\/es\/#\/schema\/logo\/image\/\"},\"sameAs\":[\"https:\/\/www.facebook.com\/cmbs.partners\",\"https:\/\/www.instagram.com\/cmbs.partners\",\"https:\/\/www.linkedin.com\/company\/cmbs-partners-legal-tax-consultancy\",\"https:\/\/www.youtube.com\/@cmbspartners\",\"https:\/\/www.x.com\/CMBSPartners\"]}]}<\/script>\n<!-- \/ Yoast SEO plugin. -->","yoast_head_json":{"title":"Informacion sobre Denys Siiushov - CMBS Middle East TAX Consultancy derecho tributario consultoria","description":"Somos expertos en derecho tributario, ofreciendo asesor\u00eda legal especializada CMBS Middle East TAX Consultancy","robots":{"index":"index","follow":"follow","max-snippet":"max-snippet:-1","max-image-preview":"max-image-preview:large","max-video-preview":"max-video-preview:-1"},"canonical":"https:\/\/cmbs-tax.com\/es\/know-more\/","og_locale":"es_ES","og_type":"article","og_title":"Informacion sobre Denys Siiushov - CMBS Middle East TAX Consultancy derecho tributario consultoria","og_description":"Somos expertos en derecho tributario, ofreciendo asesor\u00eda legal especializada CMBS Middle East TAX Consultancy","og_url":"https:\/\/cmbs-tax.com\/es\/know-more\/","og_site_name":"CMBS Middle East TAX Consultancy","article_publisher":"https:\/\/www.facebook.com\/cmbs.partners","article_modified_time":"2025-03-18T07:13:27+00:00","og_image":[{"width":1706,"height":2560,"url":"https:\/\/cmbs-tax.com\/wp-content\/uploads\/2024\/10\/denys-siiushov-hd-1-scaled.webp","type":"image\/webp"}],"twitter_card":"summary_large_image","twitter_misc":{"Tiempo de lectura":"3 minutos"},"schema":{"@context":"https:\/\/schema.org","@graph":[{"@type":"WebPage","@id":"https:\/\/cmbs-tax.com\/es\/know-more\/","url":"https:\/\/cmbs-tax.com\/es\/know-more\/","name":"Informacion sobre Denys Siiushov - CMBS Middle East TAX Consultancy derecho tributario consultoria","isPartOf":{"@id":"https:\/\/cmbs-tax.com\/es\/#website"},"primaryImageOfPage":{"@id":"https:\/\/cmbs-tax.com\/es\/know-more\/#primaryimage"},"image":{"@id":"https:\/\/cmbs-tax.com\/es\/know-more\/#primaryimage"},"thumbnailUrl":"https:\/\/cmbs-tax.com\/wp-content\/uploads\/2024\/10\/denys-siiushov-hd-1-683x1024.webp","datePublished":"2024-10-15T15:34:55+00:00","dateModified":"2025-03-18T07:13:27+00:00","description":"Somos expertos en derecho tributario, ofreciendo asesor\u00eda legal especializada CMBS Middle East TAX Consultancy","breadcrumb":{"@id":"https:\/\/cmbs-tax.com\/es\/know-more\/#breadcrumb"},"inLanguage":"es","potentialAction":[{"@type":"ReadAction","target":["https:\/\/cmbs-tax.com\/es\/know-more\/"]}]},{"@type":"ImageObject","inLanguage":"es","@id":"https:\/\/cmbs-tax.com\/es\/know-more\/#primaryimage","url":"https:\/\/cmbs-tax.com\/wp-content\/uploads\/2024\/10\/denys-siiushov-hd-1-683x1024.webp","contentUrl":"https:\/\/cmbs-tax.com\/wp-content\/uploads\/2024\/10\/denys-siiushov-hd-1-683x1024.webp"},{"@type":"BreadcrumbList","@id":"https:\/\/cmbs-tax.com\/es\/know-more\/#breadcrumb","itemListElement":[{"@type":"ListItem","position":1,"name":"Home","item":"https:\/\/cmbs-tax.com\/es\/"},{"@type":"ListItem","position":2,"name":"Informacion sobre Denys Siiushov"}]},{"@type":"WebSite","@id":"https:\/\/cmbs-tax.com\/es\/#website","url":"https:\/\/cmbs-tax.com\/es\/","name":"CMBS Middle East TAX Consultancy","description":"TAX Consultancy","publisher":{"@id":"https:\/\/cmbs-tax.com\/es\/#organization"},"potentialAction":[{"@type":"SearchAction","target":{"@type":"EntryPoint","urlTemplate":"https:\/\/cmbs-tax.com\/es\/?s={search_term_string}"},"query-input":{"@type":"PropertyValueSpecification","valueRequired":true,"valueName":"search_term_string"}}],"inLanguage":"es"},{"@type":"Organization","@id":"https:\/\/cmbs-tax.com\/es\/#organization","name":"CMBS Middle East TAX Consultancy","url":"https:\/\/cmbs-tax.com\/es\/","logo":{"@type":"ImageObject","inLanguage":"es","@id":"https:\/\/cmbs-tax.com\/es\/#\/schema\/logo\/image\/","url":"https:\/\/cmbs-tax.com\/wp-content\/uploads\/2024\/10\/cbms-law-logo-green-bg-1.webp","contentUrl":"https:\/\/cmbs-tax.com\/wp-content\/uploads\/2024\/10\/cbms-law-logo-green-bg-1.webp","width":2083,"height":2083,"caption":"CMBS Middle East TAX Consultancy"},"image":{"@id":"https:\/\/cmbs-tax.com\/es\/#\/schema\/logo\/image\/"},"sameAs":["https:\/\/www.facebook.com\/cmbs.partners","https:\/\/www.instagram.com\/cmbs.partners","https:\/\/www.linkedin.com\/company\/cmbs-partners-legal-tax-consultancy","https:\/\/www.youtube.com\/@cmbspartners","https:\/\/www.x.com\/CMBSPartners"]}]}},"_links":{"self":[{"href":"https:\/\/cmbs-tax.com\/es\/wp-json\/wp\/v2\/pages\/1165","targetHints":{"allow":["GET"]}}],"collection":[{"href":"https:\/\/cmbs-tax.com\/es\/wp-json\/wp\/v2\/pages"}],"about":[{"href":"https:\/\/cmbs-tax.com\/es\/wp-json\/wp\/v2\/types\/page"}],"author":[{"embeddable":true,"href":"https:\/\/cmbs-tax.com\/es\/wp-json\/wp\/v2\/users\/3"}],"replies":[{"embeddable":true,"href":"https:\/\/cmbs-tax.com\/es\/wp-json\/wp\/v2\/comments?post=1165"}],"version-history":[{"count":11,"href":"https:\/\/cmbs-tax.com\/es\/wp-json\/wp\/v2\/pages\/1165\/revisions"}],"predecessor-version":[{"id":1772,"href":"https:\/\/cmbs-tax.com\/es\/wp-json\/wp\/v2\/pages\/1165\/revisions\/1772"}],"wp:attachment":[{"href":"https:\/\/cmbs-tax.com\/es\/wp-json\/wp\/v2\/media?parent=1165"}],"curies":[{"name":"wp","href":"https:\/\/api.w.org\/{rel}","templated":true}]}}