{"id":833,"date":"2024-10-16T10:22:20","date_gmt":"2024-10-16T10:22:20","guid":{"rendered":"https:\/\/cmbs-tax.com\/?page_id=833"},"modified":"2024-11-15T07:50:35","modified_gmt":"2024-11-15T07:50:35","slug":"about-us","status":"publish","type":"page","link":"https:\/\/cmbs-tax.com\/es\/about-us\/","title":{"rendered":"Qui\u00e9nes somos"},"content":{"rendered":"\n<p>Bienvenido a <strong>CMBS Middle East Tax Consultancy<\/strong>, su socio de confianza para servicios expertos de consultor\u00eda fiscal y contabilidad. Con sede en el coraz\u00f3n de Dub\u00e1i, ofrecemos orgullosamente soluciones globales dise\u00f1adas para satisfacer las diversas necesidades financieras de las empresas de todo el mundo con el compromiso de brindar claridad, cumplimiento y excelencia.<\/p>\n\n\n\n<p><strong>Somos la Agencia Tributaria que ha sido aprobada oficialmente por la Autoridad Tributaria Federal de los Emiratos \u00c1rabes Unidos. CMBS est\u00e1 autorizada para brindar servicios relacionados con impuestos, como registro de IVA, presentaci\u00f3n de declaraciones de impuestos y servicios de consultor\u00eda fiscal.<\/strong><\/p>\n\n\n\n<p>Nuestro equipo garantiza que su empresa prospere en el complejo panorama financiero actual.<\/p>\n\n\n\n<div style=\"height:21px\" aria-hidden=\"true\" class=\"wp-block-spacer\"><\/div>\n\n\n\n<div class=\"wp-block-columns is-layout-flex wp-container-core-columns-is-layout-9d6595d7 wp-block-columns-is-layout-flex\">\n<div class=\"wp-block-column is-layout-flow wp-block-column-is-layout-flow\">\n<p class=\"has-text-align-center has-vivid-green-cyan-color has-text-color has-link-color has-medium-font-size wp-elements-50256d585f55225a49fbe150457120ca\"><strong>NUESTRA MISI\u00d3N<\/strong><\/p>\n<\/div>\n\n\n\n<div class=\"wp-block-column is-layout-flow wp-block-column-is-layout-flow\">\n<p class=\"has-text-align-center has-vivid-green-cyan-color has-text-color has-link-color has-medium-font-size wp-elements-e4c0ede7ac4b0bd298c9a3a24a414d6d\"><strong>NUESTRA VISI\u00d3N<\/strong><\/p>\n<\/div>\n<\/div>\n\n\n\n<div style=\"height:22px\" aria-hidden=\"true\" class=\"wp-block-spacer\"><\/div>\n\n\n\n<div class=\"wp-block-columns is-layout-flex wp-container-core-columns-is-layout-9d6595d7 wp-block-columns-is-layout-flex\">\n<div class=\"wp-block-column is-layout-flow wp-block-column-is-layout-flow\">\n<p>Prestar servicios excepcionales de contabilidad y asesor\u00eda fiscal en los EAU y en todo el mundo, basados en la profesionalidad, el positivismo y la puntualidad, garantizando soluciones personalizadas para el \u00e9xito de nuestros clientes.<\/p>\n<\/div>\n\n\n\n<div class=\"wp-block-column is-layout-flow wp-block-column-is-layout-flow\">\n<p>Capacitar a particulares y empresas con soluciones fiscales innovadoras que promuevan el crecimiento financiero, la transparencia y la tranquilidad.<\/p>\n<\/div>\n<\/div>\n","protected":false},"excerpt":{"rendered":"<p>Bienvenido a CMBS Middle East Tax Consultancy, su socio de confianza para servicios expertos de consultor\u00eda fiscal y contabilidad. Con sede en el coraz\u00f3n de Dub\u00e1i, ofrecemos orgullosamente soluciones globales dise\u00f1adas para satisfacer las diversas necesidades financieras de las empresas de todo el mundo con el compromiso de brindar claridad, cumplimiento y excelencia. Somos la [&hellip;]<\/p>\n","protected":false},"author":3,"featured_media":430,"parent":0,"menu_order":0,"comment_status":"closed","ping_status":"closed","template":"","meta":{"_acf_changed":false,"footnotes":""},"class_list":["post-833","page","type-page","status-publish","has-post-thumbnail","hentry"],"acf":[],"yoast_head":"<!-- This site is optimized with the Yoast SEO plugin v24.3 - https:\/\/yoast.com\/wordpress\/plugins\/seo\/ -->\n<title>Qui\u00e9nes somos - CMBS Middle East TAX Consultancy asesoria fiscal google tax IVA declaraciones<\/title>\n<meta name=\"description\" content=\"Brindamos claridad, cumplimiento y excelencia en servicios como registro de IVA, declaraciones fiscales y Asesoria especializada CMBS Middle East TAX Consultancy Qui\u00e9nes somos -\" \/>\n<meta name=\"robots\" content=\"index, follow, max-snippet:-1, max-image-preview:large, max-video-preview:-1\" \/>\n<link rel=\"canonical\" href=\"https:\/\/cmbs-tax.com\/es\/about-us\/\" \/>\n<meta property=\"og:locale\" content=\"es_ES\" \/>\n<meta property=\"og:type\" content=\"article\" \/>\n<meta property=\"og:title\" content=\"Qui\u00e9nes somos - CMBS Middle East TAX Consultancy asesoria fiscal google tax IVA declaraciones\" \/>\n<meta property=\"og:description\" content=\"Brindamos claridad, cumplimiento y excelencia en servicios como registro de IVA, declaraciones fiscales y Asesoria especializada CMBS Middle East TAX Consultancy Qui\u00e9nes somos -\" \/>\n<meta property=\"og:url\" content=\"https:\/\/cmbs-tax.com\/es\/about-us\/\" \/>\n<meta property=\"og:site_name\" content=\"CMBS Middle East TAX Consultancy\" \/>\n<meta property=\"article:publisher\" content=\"https:\/\/www.facebook.com\/cmbs.partners\" \/>\n<meta property=\"article:modified_time\" content=\"2024-11-15T07:50:35+00:00\" \/>\n<meta property=\"og:image\" content=\"https:\/\/cmbs-tax.com\/wp-content\/uploads\/2024\/09\/about-us.webp\" \/>\n\t<meta property=\"og:image:width\" content=\"1920\" \/>\n\t<meta property=\"og:image:height\" content=\"800\" \/>\n\t<meta property=\"og:image:type\" content=\"image\/webp\" \/>\n<meta name=\"twitter:card\" content=\"summary_large_image\" \/>\n<meta name=\"twitter:label1\" content=\"Tiempo de lectura\" \/>\n\t<meta name=\"twitter:data1\" content=\"1 minuto\" \/>\n<script type=\"application\/ld+json\" class=\"yoast-schema-graph\">{\"@context\":\"https:\/\/schema.org\",\"@graph\":[{\"@type\":\"WebPage\",\"@id\":\"https:\/\/cmbs-tax.com\/es\/about-us\/\",\"url\":\"https:\/\/cmbs-tax.com\/es\/about-us\/\",\"name\":\"Qui\u00e9nes somos - CMBS Middle East TAX Consultancy asesoria fiscal google tax IVA declaraciones\",\"isPartOf\":{\"@id\":\"https:\/\/cmbs-tax.com\/es\/#website\"},\"primaryImageOfPage\":{\"@id\":\"https:\/\/cmbs-tax.com\/es\/about-us\/#primaryimage\"},\"image\":{\"@id\":\"https:\/\/cmbs-tax.com\/es\/about-us\/#primaryimage\"},\"thumbnailUrl\":\"https:\/\/cmbs-tax.com\/wp-content\/uploads\/2024\/09\/about-us.webp\",\"datePublished\":\"2024-10-16T10:22:20+00:00\",\"dateModified\":\"2024-11-15T07:50:35+00:00\",\"description\":\"Brindamos claridad, cumplimiento y excelencia en servicios como registro de IVA, declaraciones fiscales y Asesoria especializada CMBS Middle East TAX Consultancy Qui\u00e9nes somos -\",\"breadcrumb\":{\"@id\":\"https:\/\/cmbs-tax.com\/es\/about-us\/#breadcrumb\"},\"inLanguage\":\"es\",\"potentialAction\":[{\"@type\":\"ReadAction\",\"target\":[\"https:\/\/cmbs-tax.com\/es\/about-us\/\"]}]},{\"@type\":\"ImageObject\",\"inLanguage\":\"es\",\"@id\":\"https:\/\/cmbs-tax.com\/es\/about-us\/#primaryimage\",\"url\":\"https:\/\/cmbs-tax.com\/wp-content\/uploads\/2024\/09\/about-us.webp\",\"contentUrl\":\"https:\/\/cmbs-tax.com\/wp-content\/uploads\/2024\/09\/about-us.webp\",\"width\":1920,\"height\":800},{\"@type\":\"BreadcrumbList\",\"@id\":\"https:\/\/cmbs-tax.com\/es\/about-us\/#breadcrumb\",\"itemListElement\":[{\"@type\":\"ListItem\",\"position\":1,\"name\":\"Home\",\"item\":\"https:\/\/cmbs-tax.com\/es\/\"},{\"@type\":\"ListItem\",\"position\":2,\"name\":\"Qui\u00e9nes somos\"}]},{\"@type\":\"WebSite\",\"@id\":\"https:\/\/cmbs-tax.com\/es\/#website\",\"url\":\"https:\/\/cmbs-tax.com\/es\/\",\"name\":\"CMBS Middle East TAX Consultancy\",\"description\":\"TAX Consultancy\",\"publisher\":{\"@id\":\"https:\/\/cmbs-tax.com\/es\/#organization\"},\"potentialAction\":[{\"@type\":\"SearchAction\",\"target\":{\"@type\":\"EntryPoint\",\"urlTemplate\":\"https:\/\/cmbs-tax.com\/es\/?s={search_term_string}\"},\"query-input\":{\"@type\":\"PropertyValueSpecification\",\"valueRequired\":true,\"valueName\":\"search_term_string\"}}],\"inLanguage\":\"es\"},{\"@type\":\"Organization\",\"@id\":\"https:\/\/cmbs-tax.com\/es\/#organization\",\"name\":\"CMBS Middle East TAX Consultancy\",\"url\":\"https:\/\/cmbs-tax.com\/es\/\",\"logo\":{\"@type\":\"ImageObject\",\"inLanguage\":\"es\",\"@id\":\"https:\/\/cmbs-tax.com\/es\/#\/schema\/logo\/image\/\",\"url\":\"https:\/\/cmbs-tax.com\/wp-content\/uploads\/2024\/10\/cbms-law-logo-green-bg-1.webp\",\"contentUrl\":\"https:\/\/cmbs-tax.com\/wp-content\/uploads\/2024\/10\/cbms-law-logo-green-bg-1.webp\",\"width\":2083,\"height\":2083,\"caption\":\"CMBS Middle East TAX Consultancy\"},\"image\":{\"@id\":\"https:\/\/cmbs-tax.com\/es\/#\/schema\/logo\/image\/\"},\"sameAs\":[\"https:\/\/www.facebook.com\/cmbs.partners\",\"https:\/\/www.instagram.com\/cmbs.partners\",\"https:\/\/www.linkedin.com\/company\/cmbs-partners-legal-tax-consultancy\",\"https:\/\/www.youtube.com\/@cmbspartners\",\"https:\/\/www.x.com\/CMBSPartners\"]}]}<\/script>\n<!-- \/ Yoast SEO plugin. -->","yoast_head_json":{"title":"Qui\u00e9nes somos - CMBS Middle East TAX Consultancy asesoria fiscal google tax IVA declaraciones","description":"Brindamos claridad, cumplimiento y excelencia en servicios como registro de IVA, declaraciones fiscales y Asesoria especializada CMBS Middle East TAX Consultancy Qui\u00e9nes somos -","robots":{"index":"index","follow":"follow","max-snippet":"max-snippet:-1","max-image-preview":"max-image-preview:large","max-video-preview":"max-video-preview:-1"},"canonical":"https:\/\/cmbs-tax.com\/es\/about-us\/","og_locale":"es_ES","og_type":"article","og_title":"Qui\u00e9nes somos - CMBS Middle East TAX Consultancy asesoria fiscal google tax IVA declaraciones","og_description":"Brindamos claridad, cumplimiento y excelencia en servicios como registro de IVA, declaraciones fiscales y Asesoria especializada CMBS Middle East TAX Consultancy Qui\u00e9nes somos -","og_url":"https:\/\/cmbs-tax.com\/es\/about-us\/","og_site_name":"CMBS Middle East TAX Consultancy","article_publisher":"https:\/\/www.facebook.com\/cmbs.partners","article_modified_time":"2024-11-15T07:50:35+00:00","og_image":[{"width":1920,"height":800,"url":"https:\/\/cmbs-tax.com\/wp-content\/uploads\/2024\/09\/about-us.webp","type":"image\/webp"}],"twitter_card":"summary_large_image","twitter_misc":{"Tiempo de lectura":"1 minuto"},"schema":{"@context":"https:\/\/schema.org","@graph":[{"@type":"WebPage","@id":"https:\/\/cmbs-tax.com\/es\/about-us\/","url":"https:\/\/cmbs-tax.com\/es\/about-us\/","name":"Qui\u00e9nes somos - CMBS Middle East TAX Consultancy asesoria fiscal google tax IVA declaraciones","isPartOf":{"@id":"https:\/\/cmbs-tax.com\/es\/#website"},"primaryImageOfPage":{"@id":"https:\/\/cmbs-tax.com\/es\/about-us\/#primaryimage"},"image":{"@id":"https:\/\/cmbs-tax.com\/es\/about-us\/#primaryimage"},"thumbnailUrl":"https:\/\/cmbs-tax.com\/wp-content\/uploads\/2024\/09\/about-us.webp","datePublished":"2024-10-16T10:22:20+00:00","dateModified":"2024-11-15T07:50:35+00:00","description":"Brindamos claridad, cumplimiento y excelencia en servicios como registro de IVA, declaraciones fiscales y Asesoria especializada CMBS Middle East TAX Consultancy Qui\u00e9nes somos -","breadcrumb":{"@id":"https:\/\/cmbs-tax.com\/es\/about-us\/#breadcrumb"},"inLanguage":"es","potentialAction":[{"@type":"ReadAction","target":["https:\/\/cmbs-tax.com\/es\/about-us\/"]}]},{"@type":"ImageObject","inLanguage":"es","@id":"https:\/\/cmbs-tax.com\/es\/about-us\/#primaryimage","url":"https:\/\/cmbs-tax.com\/wp-content\/uploads\/2024\/09\/about-us.webp","contentUrl":"https:\/\/cmbs-tax.com\/wp-content\/uploads\/2024\/09\/about-us.webp","width":1920,"height":800},{"@type":"BreadcrumbList","@id":"https:\/\/cmbs-tax.com\/es\/about-us\/#breadcrumb","itemListElement":[{"@type":"ListItem","position":1,"name":"Home","item":"https:\/\/cmbs-tax.com\/es\/"},{"@type":"ListItem","position":2,"name":"Qui\u00e9nes somos"}]},{"@type":"WebSite","@id":"https:\/\/cmbs-tax.com\/es\/#website","url":"https:\/\/cmbs-tax.com\/es\/","name":"CMBS Middle East TAX Consultancy","description":"TAX Consultancy","publisher":{"@id":"https:\/\/cmbs-tax.com\/es\/#organization"},"potentialAction":[{"@type":"SearchAction","target":{"@type":"EntryPoint","urlTemplate":"https:\/\/cmbs-tax.com\/es\/?s={search_term_string}"},"query-input":{"@type":"PropertyValueSpecification","valueRequired":true,"valueName":"search_term_string"}}],"inLanguage":"es"},{"@type":"Organization","@id":"https:\/\/cmbs-tax.com\/es\/#organization","name":"CMBS Middle East TAX Consultancy","url":"https:\/\/cmbs-tax.com\/es\/","logo":{"@type":"ImageObject","inLanguage":"es","@id":"https:\/\/cmbs-tax.com\/es\/#\/schema\/logo\/image\/","url":"https:\/\/cmbs-tax.com\/wp-content\/uploads\/2024\/10\/cbms-law-logo-green-bg-1.webp","contentUrl":"https:\/\/cmbs-tax.com\/wp-content\/uploads\/2024\/10\/cbms-law-logo-green-bg-1.webp","width":2083,"height":2083,"caption":"CMBS Middle East TAX Consultancy"},"image":{"@id":"https:\/\/cmbs-tax.com\/es\/#\/schema\/logo\/image\/"},"sameAs":["https:\/\/www.facebook.com\/cmbs.partners","https:\/\/www.instagram.com\/cmbs.partners","https:\/\/www.linkedin.com\/company\/cmbs-partners-legal-tax-consultancy","https:\/\/www.youtube.com\/@cmbspartners","https:\/\/www.x.com\/CMBSPartners"]}]}},"_links":{"self":[{"href":"https:\/\/cmbs-tax.com\/es\/wp-json\/wp\/v2\/pages\/833","targetHints":{"allow":["GET"]}}],"collection":[{"href":"https:\/\/cmbs-tax.com\/es\/wp-json\/wp\/v2\/pages"}],"about":[{"href":"https:\/\/cmbs-tax.com\/es\/wp-json\/wp\/v2\/types\/page"}],"author":[{"embeddable":true,"href":"https:\/\/cmbs-tax.com\/es\/wp-json\/wp\/v2\/users\/3"}],"replies":[{"embeddable":true,"href":"https:\/\/cmbs-tax.com\/es\/wp-json\/wp\/v2\/comments?post=833"}],"version-history":[{"count":16,"href":"https:\/\/cmbs-tax.com\/es\/wp-json\/wp\/v2\/pages\/833\/revisions"}],"predecessor-version":[{"id":1379,"href":"https:\/\/cmbs-tax.com\/es\/wp-json\/wp\/v2\/pages\/833\/revisions\/1379"}],"wp:featuredmedia":[{"embeddable":true,"href":"https:\/\/cmbs-tax.com\/es\/wp-json\/wp\/v2\/media\/430"}],"wp:attachment":[{"href":"https:\/\/cmbs-tax.com\/es\/wp-json\/wp\/v2\/media?parent=833"}],"curies":[{"name":"wp","href":"https:\/\/api.w.org\/{rel}","templated":true}]}}