{"id":882,"date":"2024-10-17T13:46:02","date_gmt":"2024-10-17T13:46:02","guid":{"rendered":"https:\/\/cmbs-tax.com\/?page_id=882"},"modified":"2024-11-07T10:46:00","modified_gmt":"2024-11-07T10:46:00","slug":"bank-accounts-opening","status":"publish","type":"page","link":"https:\/\/cmbs-tax.com\/es\/bank-accounts-opening\/","title":{"rendered":"Apertura de Cuentas Bancarias"},"content":{"rendered":"\n<p><strong>Apertura de cuenta bancaria para su empresa<\/strong><\/p>\n\n\n\n<p>Abrir una cuenta bancaria corporativa en los EAU es un paso esencial para establecer su empresa. Nuestro equipo simplifica el proceso gui\u00e1ndolo a trav\u00e9s de los tr\u00e1mites y requisitos legales necesarios. Trabajamos en estrecha colaboraci\u00f3n con bancos de confianza para garantizar una experiencia de apertura de cuenta fluida y eficiente, ayud\u00e1ndolo a concentrarse en sus actividades comerciales principales.<\/p>\n\n\n\n<p><strong>Cuentas bancarias personales con soporte completo<\/strong><\/p>\n\n\n\n<p>Tanto si es un expatriado como si es residente, abrir una cuenta bancaria personal en los EAU puede ser sencillo con la asistencia adecuada. Ofrecemos un soporte integral para seleccionar las mejores opciones bancarias adaptadas a sus necesidades y nos aseguramos de que toda la documentaci\u00f3n est\u00e9 en orden. Nuestra experiencia le ahorra tiempo y esfuerzo, haciendo que el proceso sea r\u00e1pido y sin estr\u00e9s.<\/p>\n","protected":false},"excerpt":{"rendered":"<p>Apertura de cuenta bancaria para su empresa Abrir una cuenta bancaria corporativa en los EAU es un paso esencial para establecer su empresa. Nuestro equipo simplifica el proceso gui\u00e1ndolo a trav\u00e9s de los tr\u00e1mites y requisitos legales necesarios. Trabajamos en estrecha colaboraci\u00f3n con bancos de confianza para garantizar una experiencia de apertura de cuenta fluida [&hellip;]<\/p>\n","protected":false},"author":3,"featured_media":432,"parent":0,"menu_order":0,"comment_status":"closed","ping_status":"closed","template":"","meta":{"_acf_changed":false,"footnotes":""},"class_list":["post-882","page","type-page","status-publish","has-post-thumbnail","hentry"],"acf":[],"yoast_head":"<!-- This site is optimized with the Yoast SEO plugin v24.3 - https:\/\/yoast.com\/wordpress\/plugins\/seo\/ -->\n<title>Apertura de Cuentas Bancarias - CMBS Middle East TAX Consultancy apertura cuenta bancaria google<\/title>\n<meta name=\"description\" content=\"Abre una cuenta bancaria corporativa o tanto si es un expatriado como si es residente en los Emiratos Arabes Unidos con facilidad, a trav\u00e9s de los tr\u00e1mites y requisitos legales, asegurando una experiencia eficiente y sin complicaciones CMBS Middle East TAX Consultancy\" \/>\n<meta name=\"robots\" content=\"index, follow, max-snippet:-1, max-image-preview:large, max-video-preview:-1\" \/>\n<link rel=\"canonical\" href=\"https:\/\/cmbs-tax.com\/es\/bank-accounts-opening\/\" \/>\n<meta property=\"og:locale\" content=\"es_ES\" \/>\n<meta property=\"og:type\" content=\"article\" \/>\n<meta property=\"og:title\" content=\"Apertura de Cuentas Bancarias - CMBS Middle East TAX Consultancy apertura cuenta bancaria google\" \/>\n<meta property=\"og:description\" content=\"Abre una cuenta bancaria corporativa o tanto si es un expatriado como si es residente en los Emiratos Arabes Unidos con facilidad, a trav\u00e9s de los tr\u00e1mites y requisitos legales, asegurando una experiencia eficiente y sin complicaciones CMBS Middle East TAX Consultancy\" \/>\n<meta property=\"og:url\" content=\"https:\/\/cmbs-tax.com\/es\/bank-accounts-opening\/\" \/>\n<meta property=\"og:site_name\" content=\"CMBS Middle East TAX Consultancy\" \/>\n<meta property=\"article:publisher\" content=\"https:\/\/www.facebook.com\/cmbs.partners\" \/>\n<meta property=\"article:modified_time\" content=\"2024-11-07T10:46:00+00:00\" \/>\n<meta property=\"og:image\" content=\"https:\/\/cmbs-tax.com\/wp-content\/uploads\/2024\/09\/bank.webp\" \/>\n\t<meta property=\"og:image:width\" content=\"1920\" \/>\n\t<meta property=\"og:image:height\" content=\"800\" \/>\n\t<meta property=\"og:image:type\" content=\"image\/webp\" \/>\n<meta name=\"twitter:card\" content=\"summary_large_image\" \/>\n<meta name=\"twitter:label1\" content=\"Tiempo de lectura\" \/>\n\t<meta name=\"twitter:data1\" content=\"1 minuto\" \/>\n<script type=\"application\/ld+json\" class=\"yoast-schema-graph\">{\"@context\":\"https:\/\/schema.org\",\"@graph\":[{\"@type\":\"WebPage\",\"@id\":\"https:\/\/cmbs-tax.com\/es\/bank-accounts-opening\/\",\"url\":\"https:\/\/cmbs-tax.com\/es\/bank-accounts-opening\/\",\"name\":\"Apertura de Cuentas Bancarias - CMBS Middle East TAX Consultancy apertura cuenta bancaria google\",\"isPartOf\":{\"@id\":\"https:\/\/cmbs-tax.com\/es\/#website\"},\"primaryImageOfPage\":{\"@id\":\"https:\/\/cmbs-tax.com\/es\/bank-accounts-opening\/#primaryimage\"},\"image\":{\"@id\":\"https:\/\/cmbs-tax.com\/es\/bank-accounts-opening\/#primaryimage\"},\"thumbnailUrl\":\"https:\/\/cmbs-tax.com\/wp-content\/uploads\/2024\/09\/bank.webp\",\"datePublished\":\"2024-10-17T13:46:02+00:00\",\"dateModified\":\"2024-11-07T10:46:00+00:00\",\"description\":\"Abre una cuenta bancaria corporativa o tanto si es un expatriado como si es residente en los Emiratos Arabes Unidos con facilidad, a trav\u00e9s de los tr\u00e1mites y requisitos legales, asegurando una experiencia eficiente y sin complicaciones CMBS Middle East TAX Consultancy\",\"breadcrumb\":{\"@id\":\"https:\/\/cmbs-tax.com\/es\/bank-accounts-opening\/#breadcrumb\"},\"inLanguage\":\"es\",\"potentialAction\":[{\"@type\":\"ReadAction\",\"target\":[\"https:\/\/cmbs-tax.com\/es\/bank-accounts-opening\/\"]}]},{\"@type\":\"ImageObject\",\"inLanguage\":\"es\",\"@id\":\"https:\/\/cmbs-tax.com\/es\/bank-accounts-opening\/#primaryimage\",\"url\":\"https:\/\/cmbs-tax.com\/wp-content\/uploads\/2024\/09\/bank.webp\",\"contentUrl\":\"https:\/\/cmbs-tax.com\/wp-content\/uploads\/2024\/09\/bank.webp\",\"width\":1920,\"height\":800},{\"@type\":\"BreadcrumbList\",\"@id\":\"https:\/\/cmbs-tax.com\/es\/bank-accounts-opening\/#breadcrumb\",\"itemListElement\":[{\"@type\":\"ListItem\",\"position\":1,\"name\":\"Home\",\"item\":\"https:\/\/cmbs-tax.com\/es\/\"},{\"@type\":\"ListItem\",\"position\":2,\"name\":\"Apertura de Cuentas Bancarias\"}]},{\"@type\":\"WebSite\",\"@id\":\"https:\/\/cmbs-tax.com\/es\/#website\",\"url\":\"https:\/\/cmbs-tax.com\/es\/\",\"name\":\"CMBS Middle East TAX Consultancy\",\"description\":\"TAX Consultancy\",\"publisher\":{\"@id\":\"https:\/\/cmbs-tax.com\/es\/#organization\"},\"potentialAction\":[{\"@type\":\"SearchAction\",\"target\":{\"@type\":\"EntryPoint\",\"urlTemplate\":\"https:\/\/cmbs-tax.com\/es\/?s={search_term_string}\"},\"query-input\":{\"@type\":\"PropertyValueSpecification\",\"valueRequired\":true,\"valueName\":\"search_term_string\"}}],\"inLanguage\":\"es\"},{\"@type\":\"Organization\",\"@id\":\"https:\/\/cmbs-tax.com\/es\/#organization\",\"name\":\"CMBS Middle East TAX Consultancy\",\"url\":\"https:\/\/cmbs-tax.com\/es\/\",\"logo\":{\"@type\":\"ImageObject\",\"inLanguage\":\"es\",\"@id\":\"https:\/\/cmbs-tax.com\/es\/#\/schema\/logo\/image\/\",\"url\":\"https:\/\/cmbs-tax.com\/wp-content\/uploads\/2024\/10\/cbms-law-logo-green-bg-1.webp\",\"contentUrl\":\"https:\/\/cmbs-tax.com\/wp-content\/uploads\/2024\/10\/cbms-law-logo-green-bg-1.webp\",\"width\":2083,\"height\":2083,\"caption\":\"CMBS Middle East TAX Consultancy\"},\"image\":{\"@id\":\"https:\/\/cmbs-tax.com\/es\/#\/schema\/logo\/image\/\"},\"sameAs\":[\"https:\/\/www.facebook.com\/cmbs.partners\",\"https:\/\/www.instagram.com\/cmbs.partners\",\"https:\/\/www.linkedin.com\/company\/cmbs-partners-legal-tax-consultancy\",\"https:\/\/www.youtube.com\/@cmbspartners\",\"https:\/\/www.x.com\/CMBSPartners\"]}]}<\/script>\n<!-- \/ Yoast SEO plugin. -->","yoast_head_json":{"title":"Apertura de Cuentas Bancarias - CMBS Middle East TAX Consultancy apertura cuenta bancaria google","description":"Abre una cuenta bancaria corporativa o tanto si es un expatriado como si es residente en los Emiratos Arabes Unidos con facilidad, a trav\u00e9s de los tr\u00e1mites y requisitos legales, asegurando una experiencia eficiente y sin complicaciones CMBS Middle East TAX Consultancy","robots":{"index":"index","follow":"follow","max-snippet":"max-snippet:-1","max-image-preview":"max-image-preview:large","max-video-preview":"max-video-preview:-1"},"canonical":"https:\/\/cmbs-tax.com\/es\/bank-accounts-opening\/","og_locale":"es_ES","og_type":"article","og_title":"Apertura de Cuentas Bancarias - CMBS Middle East TAX Consultancy apertura cuenta bancaria google","og_description":"Abre una cuenta bancaria corporativa o tanto si es un expatriado como si es residente en los Emiratos Arabes Unidos con facilidad, a trav\u00e9s de los tr\u00e1mites y requisitos legales, asegurando una experiencia eficiente y sin complicaciones CMBS Middle East TAX Consultancy","og_url":"https:\/\/cmbs-tax.com\/es\/bank-accounts-opening\/","og_site_name":"CMBS Middle East TAX Consultancy","article_publisher":"https:\/\/www.facebook.com\/cmbs.partners","article_modified_time":"2024-11-07T10:46:00+00:00","og_image":[{"width":1920,"height":800,"url":"https:\/\/cmbs-tax.com\/wp-content\/uploads\/2024\/09\/bank.webp","type":"image\/webp"}],"twitter_card":"summary_large_image","twitter_misc":{"Tiempo de lectura":"1 minuto"},"schema":{"@context":"https:\/\/schema.org","@graph":[{"@type":"WebPage","@id":"https:\/\/cmbs-tax.com\/es\/bank-accounts-opening\/","url":"https:\/\/cmbs-tax.com\/es\/bank-accounts-opening\/","name":"Apertura de Cuentas Bancarias - CMBS Middle East TAX Consultancy apertura cuenta bancaria google","isPartOf":{"@id":"https:\/\/cmbs-tax.com\/es\/#website"},"primaryImageOfPage":{"@id":"https:\/\/cmbs-tax.com\/es\/bank-accounts-opening\/#primaryimage"},"image":{"@id":"https:\/\/cmbs-tax.com\/es\/bank-accounts-opening\/#primaryimage"},"thumbnailUrl":"https:\/\/cmbs-tax.com\/wp-content\/uploads\/2024\/09\/bank.webp","datePublished":"2024-10-17T13:46:02+00:00","dateModified":"2024-11-07T10:46:00+00:00","description":"Abre una cuenta bancaria corporativa o tanto si es un expatriado como si es residente en los Emiratos Arabes Unidos con facilidad, a trav\u00e9s de los tr\u00e1mites y requisitos legales, asegurando una experiencia eficiente y sin complicaciones CMBS Middle East TAX Consultancy","breadcrumb":{"@id":"https:\/\/cmbs-tax.com\/es\/bank-accounts-opening\/#breadcrumb"},"inLanguage":"es","potentialAction":[{"@type":"ReadAction","target":["https:\/\/cmbs-tax.com\/es\/bank-accounts-opening\/"]}]},{"@type":"ImageObject","inLanguage":"es","@id":"https:\/\/cmbs-tax.com\/es\/bank-accounts-opening\/#primaryimage","url":"https:\/\/cmbs-tax.com\/wp-content\/uploads\/2024\/09\/bank.webp","contentUrl":"https:\/\/cmbs-tax.com\/wp-content\/uploads\/2024\/09\/bank.webp","width":1920,"height":800},{"@type":"BreadcrumbList","@id":"https:\/\/cmbs-tax.com\/es\/bank-accounts-opening\/#breadcrumb","itemListElement":[{"@type":"ListItem","position":1,"name":"Home","item":"https:\/\/cmbs-tax.com\/es\/"},{"@type":"ListItem","position":2,"name":"Apertura de Cuentas Bancarias"}]},{"@type":"WebSite","@id":"https:\/\/cmbs-tax.com\/es\/#website","url":"https:\/\/cmbs-tax.com\/es\/","name":"CMBS Middle East TAX Consultancy","description":"TAX Consultancy","publisher":{"@id":"https:\/\/cmbs-tax.com\/es\/#organization"},"potentialAction":[{"@type":"SearchAction","target":{"@type":"EntryPoint","urlTemplate":"https:\/\/cmbs-tax.com\/es\/?s={search_term_string}"},"query-input":{"@type":"PropertyValueSpecification","valueRequired":true,"valueName":"search_term_string"}}],"inLanguage":"es"},{"@type":"Organization","@id":"https:\/\/cmbs-tax.com\/es\/#organization","name":"CMBS Middle East TAX Consultancy","url":"https:\/\/cmbs-tax.com\/es\/","logo":{"@type":"ImageObject","inLanguage":"es","@id":"https:\/\/cmbs-tax.com\/es\/#\/schema\/logo\/image\/","url":"https:\/\/cmbs-tax.com\/wp-content\/uploads\/2024\/10\/cbms-law-logo-green-bg-1.webp","contentUrl":"https:\/\/cmbs-tax.com\/wp-content\/uploads\/2024\/10\/cbms-law-logo-green-bg-1.webp","width":2083,"height":2083,"caption":"CMBS Middle East TAX Consultancy"},"image":{"@id":"https:\/\/cmbs-tax.com\/es\/#\/schema\/logo\/image\/"},"sameAs":["https:\/\/www.facebook.com\/cmbs.partners","https:\/\/www.instagram.com\/cmbs.partners","https:\/\/www.linkedin.com\/company\/cmbs-partners-legal-tax-consultancy","https:\/\/www.youtube.com\/@cmbspartners","https:\/\/www.x.com\/CMBSPartners"]}]}},"_links":{"self":[{"href":"https:\/\/cmbs-tax.com\/es\/wp-json\/wp\/v2\/pages\/882","targetHints":{"allow":["GET"]}}],"collection":[{"href":"https:\/\/cmbs-tax.com\/es\/wp-json\/wp\/v2\/pages"}],"about":[{"href":"https:\/\/cmbs-tax.com\/es\/wp-json\/wp\/v2\/types\/page"}],"author":[{"embeddable":true,"href":"https:\/\/cmbs-tax.com\/es\/wp-json\/wp\/v2\/users\/3"}],"replies":[{"embeddable":true,"href":"https:\/\/cmbs-tax.com\/es\/wp-json\/wp\/v2\/comments?post=882"}],"version-history":[{"count":2,"href":"https:\/\/cmbs-tax.com\/es\/wp-json\/wp\/v2\/pages\/882\/revisions"}],"predecessor-version":[{"id":1081,"href":"https:\/\/cmbs-tax.com\/es\/wp-json\/wp\/v2\/pages\/882\/revisions\/1081"}],"wp:featuredmedia":[{"embeddable":true,"href":"https:\/\/cmbs-tax.com\/es\/wp-json\/wp\/v2\/media\/432"}],"wp:attachment":[{"href":"https:\/\/cmbs-tax.com\/es\/wp-json\/wp\/v2\/media?parent=882"}],"curies":[{"name":"wp","href":"https:\/\/api.w.org\/{rel}","templated":true}]}}