{"id":901,"date":"2024-10-17T13:56:41","date_gmt":"2024-10-17T13:56:41","guid":{"rendered":"https:\/\/cmbs-tax.com\/?page_id=901"},"modified":"2024-11-07T11:19:24","modified_gmt":"2024-11-07T11:19:24","slug":"legal-services","status":"publish","type":"page","link":"https:\/\/cmbs-tax.com\/es\/legal-services\/","title":{"rendered":"Servicios jur\u00eddicos"},"content":{"rendered":"\n<p><strong>Servicios jur\u00eddicos integrales para el \u00e9xito de su empresa<\/strong><\/p>\n\n\n\n<p>Navegar por el panorama legal de los EAU puede ser complejo, pero nuestro experto equipo legal est\u00e1 aqu\u00ed para ayudarle en cada paso del camino. Ofrecemos una amplia gama de servicios jur\u00eddicos, desde la constituci\u00f3n de empresas y la redacci\u00f3n de contratos hasta el apoyo en los arbitrajes internacionales. <\/p>\n\n\n\n<p>Nuestro objetivo es proteger sus intereses empresariales al tiempo que garantizamos el pleno cumplimiento de las leyes y normativas locales. Con nuestra orientaci\u00f3n profesional, puede centrarse en hacer crecer su negocio con confianza, sabiendo que todos los asuntos legales se manejan con precisi\u00f3n y cuidado.<\/p>\n\n\n\n<p><\/p>\n","protected":false},"excerpt":{"rendered":"<p>Servicios jur\u00eddicos integrales para el \u00e9xito de su empresa Navegar por el panorama legal de los EAU puede ser complejo, pero nuestro experto equipo legal est\u00e1 aqu\u00ed para ayudarle en cada paso del camino. Ofrecemos una amplia gama de servicios jur\u00eddicos, desde la constituci\u00f3n de empresas y la redacci\u00f3n de contratos hasta el apoyo en [&hellip;]<\/p>\n","protected":false},"author":3,"featured_media":438,"parent":0,"menu_order":0,"comment_status":"closed","ping_status":"closed","template":"","meta":{"_acf_changed":false,"footnotes":""},"class_list":["post-901","page","type-page","status-publish","has-post-thumbnail","hentry"],"acf":[],"yoast_head":"<!-- This site is optimized with the Yoast SEO plugin v24.3 - https:\/\/yoast.com\/wordpress\/plugins\/seo\/ -->\n<title>Servicios jur\u00eddicos - CMBS Middle East TAX Consultancy derecho legal abogado abogados consultoria<\/title>\n<meta name=\"description\" content=\"Ofrecemos servicios jur\u00eddicos especializados en diversas \u00e1reas del derecho- Servicios jur\u00eddicos CMBS Middle East TAX Consultancy\" \/>\n<meta name=\"robots\" content=\"index, follow, max-snippet:-1, max-image-preview:large, max-video-preview:-1\" \/>\n<link rel=\"canonical\" href=\"https:\/\/cmbs-tax.com\/es\/legal-services\/\" \/>\n<meta property=\"og:locale\" content=\"es_ES\" \/>\n<meta property=\"og:type\" content=\"article\" \/>\n<meta property=\"og:title\" content=\"Servicios jur\u00eddicos - CMBS Middle East TAX Consultancy derecho legal abogado abogados consultoria\" \/>\n<meta property=\"og:description\" content=\"Ofrecemos servicios jur\u00eddicos especializados en diversas \u00e1reas del derecho- Servicios jur\u00eddicos CMBS Middle East TAX Consultancy\" \/>\n<meta property=\"og:url\" content=\"https:\/\/cmbs-tax.com\/es\/legal-services\/\" \/>\n<meta property=\"og:site_name\" content=\"CMBS Middle East TAX Consultancy\" \/>\n<meta property=\"article:publisher\" content=\"https:\/\/www.facebook.com\/cmbs.partners\" \/>\n<meta property=\"article:modified_time\" content=\"2024-11-07T11:19:24+00:00\" \/>\n<meta property=\"og:image\" content=\"https:\/\/cmbs-tax.com\/wp-content\/uploads\/2024\/09\/legal-services.webp\" \/>\n\t<meta property=\"og:image:width\" content=\"1920\" \/>\n\t<meta property=\"og:image:height\" content=\"800\" \/>\n\t<meta property=\"og:image:type\" content=\"image\/webp\" \/>\n<meta name=\"twitter:card\" content=\"summary_large_image\" \/>\n<meta name=\"twitter:label1\" content=\"Tiempo de lectura\" \/>\n\t<meta name=\"twitter:data1\" content=\"1 minuto\" \/>\n<script type=\"application\/ld+json\" class=\"yoast-schema-graph\">{\"@context\":\"https:\/\/schema.org\",\"@graph\":[{\"@type\":\"WebPage\",\"@id\":\"https:\/\/cmbs-tax.com\/es\/legal-services\/\",\"url\":\"https:\/\/cmbs-tax.com\/es\/legal-services\/\",\"name\":\"Servicios jur\u00eddicos - CMBS Middle East TAX Consultancy derecho legal abogado abogados consultoria\",\"isPartOf\":{\"@id\":\"https:\/\/cmbs-tax.com\/es\/#website\"},\"primaryImageOfPage\":{\"@id\":\"https:\/\/cmbs-tax.com\/es\/legal-services\/#primaryimage\"},\"image\":{\"@id\":\"https:\/\/cmbs-tax.com\/es\/legal-services\/#primaryimage\"},\"thumbnailUrl\":\"https:\/\/cmbs-tax.com\/wp-content\/uploads\/2024\/09\/legal-services.webp\",\"datePublished\":\"2024-10-17T13:56:41+00:00\",\"dateModified\":\"2024-11-07T11:19:24+00:00\",\"description\":\"Ofrecemos servicios jur\u00eddicos especializados en diversas \u00e1reas del derecho- Servicios jur\u00eddicos CMBS Middle East TAX Consultancy\",\"breadcrumb\":{\"@id\":\"https:\/\/cmbs-tax.com\/es\/legal-services\/#breadcrumb\"},\"inLanguage\":\"es\",\"potentialAction\":[{\"@type\":\"ReadAction\",\"target\":[\"https:\/\/cmbs-tax.com\/es\/legal-services\/\"]}]},{\"@type\":\"ImageObject\",\"inLanguage\":\"es\",\"@id\":\"https:\/\/cmbs-tax.com\/es\/legal-services\/#primaryimage\",\"url\":\"https:\/\/cmbs-tax.com\/wp-content\/uploads\/2024\/09\/legal-services.webp\",\"contentUrl\":\"https:\/\/cmbs-tax.com\/wp-content\/uploads\/2024\/09\/legal-services.webp\",\"width\":1920,\"height\":800},{\"@type\":\"BreadcrumbList\",\"@id\":\"https:\/\/cmbs-tax.com\/es\/legal-services\/#breadcrumb\",\"itemListElement\":[{\"@type\":\"ListItem\",\"position\":1,\"name\":\"Home\",\"item\":\"https:\/\/cmbs-tax.com\/es\/\"},{\"@type\":\"ListItem\",\"position\":2,\"name\":\"Servicios jur\u00eddicos\"}]},{\"@type\":\"WebSite\",\"@id\":\"https:\/\/cmbs-tax.com\/es\/#website\",\"url\":\"https:\/\/cmbs-tax.com\/es\/\",\"name\":\"CMBS Middle East TAX Consultancy\",\"description\":\"TAX Consultancy\",\"publisher\":{\"@id\":\"https:\/\/cmbs-tax.com\/es\/#organization\"},\"potentialAction\":[{\"@type\":\"SearchAction\",\"target\":{\"@type\":\"EntryPoint\",\"urlTemplate\":\"https:\/\/cmbs-tax.com\/es\/?s={search_term_string}\"},\"query-input\":{\"@type\":\"PropertyValueSpecification\",\"valueRequired\":true,\"valueName\":\"search_term_string\"}}],\"inLanguage\":\"es\"},{\"@type\":\"Organization\",\"@id\":\"https:\/\/cmbs-tax.com\/es\/#organization\",\"name\":\"CMBS Middle East TAX Consultancy\",\"url\":\"https:\/\/cmbs-tax.com\/es\/\",\"logo\":{\"@type\":\"ImageObject\",\"inLanguage\":\"es\",\"@id\":\"https:\/\/cmbs-tax.com\/es\/#\/schema\/logo\/image\/\",\"url\":\"https:\/\/cmbs-tax.com\/wp-content\/uploads\/2024\/10\/cbms-law-logo-green-bg-1.webp\",\"contentUrl\":\"https:\/\/cmbs-tax.com\/wp-content\/uploads\/2024\/10\/cbms-law-logo-green-bg-1.webp\",\"width\":2083,\"height\":2083,\"caption\":\"CMBS Middle East TAX Consultancy\"},\"image\":{\"@id\":\"https:\/\/cmbs-tax.com\/es\/#\/schema\/logo\/image\/\"},\"sameAs\":[\"https:\/\/www.facebook.com\/cmbs.partners\",\"https:\/\/www.instagram.com\/cmbs.partners\",\"https:\/\/www.linkedin.com\/company\/cmbs-partners-legal-tax-consultancy\",\"https:\/\/www.youtube.com\/@cmbspartners\",\"https:\/\/www.x.com\/CMBSPartners\"]}]}<\/script>\n<!-- \/ Yoast SEO plugin. -->","yoast_head_json":{"title":"Servicios jur\u00eddicos - CMBS Middle East TAX Consultancy derecho legal abogado abogados consultoria","description":"Ofrecemos servicios jur\u00eddicos especializados en diversas \u00e1reas del derecho- Servicios jur\u00eddicos CMBS Middle East TAX Consultancy","robots":{"index":"index","follow":"follow","max-snippet":"max-snippet:-1","max-image-preview":"max-image-preview:large","max-video-preview":"max-video-preview:-1"},"canonical":"https:\/\/cmbs-tax.com\/es\/legal-services\/","og_locale":"es_ES","og_type":"article","og_title":"Servicios jur\u00eddicos - CMBS Middle East TAX Consultancy derecho legal abogado abogados consultoria","og_description":"Ofrecemos servicios jur\u00eddicos especializados en diversas \u00e1reas del derecho- Servicios jur\u00eddicos CMBS Middle East TAX Consultancy","og_url":"https:\/\/cmbs-tax.com\/es\/legal-services\/","og_site_name":"CMBS Middle East TAX Consultancy","article_publisher":"https:\/\/www.facebook.com\/cmbs.partners","article_modified_time":"2024-11-07T11:19:24+00:00","og_image":[{"width":1920,"height":800,"url":"https:\/\/cmbs-tax.com\/wp-content\/uploads\/2024\/09\/legal-services.webp","type":"image\/webp"}],"twitter_card":"summary_large_image","twitter_misc":{"Tiempo de lectura":"1 minuto"},"schema":{"@context":"https:\/\/schema.org","@graph":[{"@type":"WebPage","@id":"https:\/\/cmbs-tax.com\/es\/legal-services\/","url":"https:\/\/cmbs-tax.com\/es\/legal-services\/","name":"Servicios jur\u00eddicos - CMBS Middle East TAX Consultancy derecho legal abogado abogados consultoria","isPartOf":{"@id":"https:\/\/cmbs-tax.com\/es\/#website"},"primaryImageOfPage":{"@id":"https:\/\/cmbs-tax.com\/es\/legal-services\/#primaryimage"},"image":{"@id":"https:\/\/cmbs-tax.com\/es\/legal-services\/#primaryimage"},"thumbnailUrl":"https:\/\/cmbs-tax.com\/wp-content\/uploads\/2024\/09\/legal-services.webp","datePublished":"2024-10-17T13:56:41+00:00","dateModified":"2024-11-07T11:19:24+00:00","description":"Ofrecemos servicios jur\u00eddicos especializados en diversas \u00e1reas del derecho- Servicios jur\u00eddicos CMBS Middle East TAX Consultancy","breadcrumb":{"@id":"https:\/\/cmbs-tax.com\/es\/legal-services\/#breadcrumb"},"inLanguage":"es","potentialAction":[{"@type":"ReadAction","target":["https:\/\/cmbs-tax.com\/es\/legal-services\/"]}]},{"@type":"ImageObject","inLanguage":"es","@id":"https:\/\/cmbs-tax.com\/es\/legal-services\/#primaryimage","url":"https:\/\/cmbs-tax.com\/wp-content\/uploads\/2024\/09\/legal-services.webp","contentUrl":"https:\/\/cmbs-tax.com\/wp-content\/uploads\/2024\/09\/legal-services.webp","width":1920,"height":800},{"@type":"BreadcrumbList","@id":"https:\/\/cmbs-tax.com\/es\/legal-services\/#breadcrumb","itemListElement":[{"@type":"ListItem","position":1,"name":"Home","item":"https:\/\/cmbs-tax.com\/es\/"},{"@type":"ListItem","position":2,"name":"Servicios jur\u00eddicos"}]},{"@type":"WebSite","@id":"https:\/\/cmbs-tax.com\/es\/#website","url":"https:\/\/cmbs-tax.com\/es\/","name":"CMBS Middle East TAX Consultancy","description":"TAX Consultancy","publisher":{"@id":"https:\/\/cmbs-tax.com\/es\/#organization"},"potentialAction":[{"@type":"SearchAction","target":{"@type":"EntryPoint","urlTemplate":"https:\/\/cmbs-tax.com\/es\/?s={search_term_string}"},"query-input":{"@type":"PropertyValueSpecification","valueRequired":true,"valueName":"search_term_string"}}],"inLanguage":"es"},{"@type":"Organization","@id":"https:\/\/cmbs-tax.com\/es\/#organization","name":"CMBS Middle East TAX Consultancy","url":"https:\/\/cmbs-tax.com\/es\/","logo":{"@type":"ImageObject","inLanguage":"es","@id":"https:\/\/cmbs-tax.com\/es\/#\/schema\/logo\/image\/","url":"https:\/\/cmbs-tax.com\/wp-content\/uploads\/2024\/10\/cbms-law-logo-green-bg-1.webp","contentUrl":"https:\/\/cmbs-tax.com\/wp-content\/uploads\/2024\/10\/cbms-law-logo-green-bg-1.webp","width":2083,"height":2083,"caption":"CMBS Middle East TAX Consultancy"},"image":{"@id":"https:\/\/cmbs-tax.com\/es\/#\/schema\/logo\/image\/"},"sameAs":["https:\/\/www.facebook.com\/cmbs.partners","https:\/\/www.instagram.com\/cmbs.partners","https:\/\/www.linkedin.com\/company\/cmbs-partners-legal-tax-consultancy","https:\/\/www.youtube.com\/@cmbspartners","https:\/\/www.x.com\/CMBSPartners"]}]}},"_links":{"self":[{"href":"https:\/\/cmbs-tax.com\/es\/wp-json\/wp\/v2\/pages\/901","targetHints":{"allow":["GET"]}}],"collection":[{"href":"https:\/\/cmbs-tax.com\/es\/wp-json\/wp\/v2\/pages"}],"about":[{"href":"https:\/\/cmbs-tax.com\/es\/wp-json\/wp\/v2\/types\/page"}],"author":[{"embeddable":true,"href":"https:\/\/cmbs-tax.com\/es\/wp-json\/wp\/v2\/users\/3"}],"replies":[{"embeddable":true,"href":"https:\/\/cmbs-tax.com\/es\/wp-json\/wp\/v2\/comments?post=901"}],"version-history":[{"count":2,"href":"https:\/\/cmbs-tax.com\/es\/wp-json\/wp\/v2\/pages\/901\/revisions"}],"predecessor-version":[{"id":1172,"href":"https:\/\/cmbs-tax.com\/es\/wp-json\/wp\/v2\/pages\/901\/revisions\/1172"}],"wp:featuredmedia":[{"embeddable":true,"href":"https:\/\/cmbs-tax.com\/es\/wp-json\/wp\/v2\/media\/438"}],"wp:attachment":[{"href":"https:\/\/cmbs-tax.com\/es\/wp-json\/wp\/v2\/media?parent=901"}],"curies":[{"name":"wp","href":"https:\/\/api.w.org\/{rel}","templated":true}]}}