{"id":911,"date":"2024-10-17T14:03:54","date_gmt":"2024-10-17T14:03:54","guid":{"rendered":"https:\/\/cmbs-tax.com\/?page_id=911"},"modified":"2024-11-15T07:45:12","modified_gmt":"2024-11-15T07:45:12","slug":"tax-consulting","status":"publish","type":"page","link":"https:\/\/cmbs-tax.com\/es\/tax-consulting\/","title":{"rendered":"Asesor\u00eda Fiscal"},"content":{"rendered":"\n<p>La Asesor\u00eda Fiscal es un servicio profesional prestado por expertos fiscales, ayudando a particulares, empresas y organizaciones a navegar por las complejidades de las leyes y reglamentos fiscales. Como consultores fiscales, ofrecemos asesoramiento y asistencia en una variedad de asuntos relacionados con los impuestos. Damos prioridad a optimizar la eficiencia fiscal, reducir los riesgos y garantizar el cumplimiento legal, aline\u00e1ndonos con los objetivos financieros del cliente.\u00a0<\/p>\n\n\n\n<p>Estamos especializados en la prestaci\u00f3n de servicios expertos de estructuraci\u00f3n fiscal internacional, ayudando a las empresas a optimizar sus estrategias fiscales globales. Nuestro enfoque garantiza el cumplimiento de la normativa internacional al tiempo que maximiza la eficiencia fiscal. Ya sea expandi\u00e9ndonos a nuevos mercados o gestionando transacciones transfronterizas, adaptamos nuestras soluciones para satisfacer sus necesidades espec\u00edficas, permiti\u00e9ndole navegar por las complejidades de la fiscalidad internacional con confianza.<\/p>\n","protected":false},"excerpt":{"rendered":"<p>La Asesor\u00eda Fiscal es un servicio profesional prestado por expertos fiscales, ayudando a particulares, empresas y organizaciones a navegar por las complejidades de las leyes y reglamentos fiscales. Como consultores fiscales, ofrecemos asesoramiento y asistencia en una variedad de asuntos relacionados con los impuestos. Damos prioridad a optimizar la eficiencia fiscal, reducir los riesgos y [&hellip;]<\/p>\n","protected":false},"author":3,"featured_media":440,"parent":0,"menu_order":0,"comment_status":"closed","ping_status":"closed","template":"","meta":{"_acf_changed":false,"footnotes":""},"class_list":["post-911","page","type-page","status-publish","has-post-thumbnail","hentry"],"acf":[],"yoast_head":"<!-- This site is optimized with the Yoast SEO plugin v24.3 - https:\/\/yoast.com\/wordpress\/plugins\/seo\/ -->\n<title>Asesor\u00eda Fiscal - CMBS Middle East TAX Consultancy asesoria fiscal google tax consultoria<\/title>\n<meta name=\"description\" content=\"Ofrecemos asesor\u00eda fiscal especializada para empresas y particulares CMBS Middle East TAX Consultancy Asesor\u00eda Fiscal -\" \/>\n<meta name=\"robots\" content=\"index, follow, max-snippet:-1, max-image-preview:large, max-video-preview:-1\" \/>\n<link rel=\"canonical\" href=\"https:\/\/cmbs-tax.com\/es\/tax-consulting\/\" \/>\n<meta property=\"og:locale\" content=\"es_ES\" \/>\n<meta property=\"og:type\" content=\"article\" \/>\n<meta property=\"og:title\" content=\"Asesor\u00eda Fiscal - CMBS Middle East TAX Consultancy asesoria fiscal google tax consultoria\" \/>\n<meta property=\"og:description\" content=\"Ofrecemos asesor\u00eda fiscal especializada para empresas y particulares CMBS Middle East TAX Consultancy Asesor\u00eda Fiscal -\" \/>\n<meta property=\"og:url\" content=\"https:\/\/cmbs-tax.com\/es\/tax-consulting\/\" \/>\n<meta property=\"og:site_name\" content=\"CMBS Middle East TAX Consultancy\" \/>\n<meta property=\"article:publisher\" content=\"https:\/\/www.facebook.com\/cmbs.partners\" \/>\n<meta property=\"article:modified_time\" content=\"2024-11-15T07:45:12+00:00\" \/>\n<meta property=\"og:image\" content=\"https:\/\/cmbs-tax.com\/wp-content\/uploads\/2024\/09\/tax-consulting.webp\" \/>\n\t<meta property=\"og:image:width\" content=\"1920\" \/>\n\t<meta property=\"og:image:height\" content=\"800\" \/>\n\t<meta property=\"og:image:type\" content=\"image\/webp\" \/>\n<meta name=\"twitter:card\" content=\"summary_large_image\" \/>\n<meta name=\"twitter:label1\" content=\"Tiempo de lectura\" \/>\n\t<meta name=\"twitter:data1\" content=\"1 minuto\" \/>\n<script type=\"application\/ld+json\" class=\"yoast-schema-graph\">{\"@context\":\"https:\/\/schema.org\",\"@graph\":[{\"@type\":\"WebPage\",\"@id\":\"https:\/\/cmbs-tax.com\/es\/tax-consulting\/\",\"url\":\"https:\/\/cmbs-tax.com\/es\/tax-consulting\/\",\"name\":\"Asesor\u00eda Fiscal - CMBS Middle East TAX Consultancy asesoria fiscal google tax consultoria\",\"isPartOf\":{\"@id\":\"https:\/\/cmbs-tax.com\/es\/#website\"},\"primaryImageOfPage\":{\"@id\":\"https:\/\/cmbs-tax.com\/es\/tax-consulting\/#primaryimage\"},\"image\":{\"@id\":\"https:\/\/cmbs-tax.com\/es\/tax-consulting\/#primaryimage\"},\"thumbnailUrl\":\"https:\/\/cmbs-tax.com\/wp-content\/uploads\/2024\/09\/tax-consulting.webp\",\"datePublished\":\"2024-10-17T14:03:54+00:00\",\"dateModified\":\"2024-11-15T07:45:12+00:00\",\"description\":\"Ofrecemos asesor\u00eda fiscal especializada para empresas y particulares CMBS Middle East TAX Consultancy Asesor\u00eda Fiscal -\",\"breadcrumb\":{\"@id\":\"https:\/\/cmbs-tax.com\/es\/tax-consulting\/#breadcrumb\"},\"inLanguage\":\"es\",\"potentialAction\":[{\"@type\":\"ReadAction\",\"target\":[\"https:\/\/cmbs-tax.com\/es\/tax-consulting\/\"]}]},{\"@type\":\"ImageObject\",\"inLanguage\":\"es\",\"@id\":\"https:\/\/cmbs-tax.com\/es\/tax-consulting\/#primaryimage\",\"url\":\"https:\/\/cmbs-tax.com\/wp-content\/uploads\/2024\/09\/tax-consulting.webp\",\"contentUrl\":\"https:\/\/cmbs-tax.com\/wp-content\/uploads\/2024\/09\/tax-consulting.webp\",\"width\":1920,\"height\":800},{\"@type\":\"BreadcrumbList\",\"@id\":\"https:\/\/cmbs-tax.com\/es\/tax-consulting\/#breadcrumb\",\"itemListElement\":[{\"@type\":\"ListItem\",\"position\":1,\"name\":\"Home\",\"item\":\"https:\/\/cmbs-tax.com\/es\/\"},{\"@type\":\"ListItem\",\"position\":2,\"name\":\"Asesor\u00eda Fiscal\"}]},{\"@type\":\"WebSite\",\"@id\":\"https:\/\/cmbs-tax.com\/es\/#website\",\"url\":\"https:\/\/cmbs-tax.com\/es\/\",\"name\":\"CMBS Middle East TAX Consultancy\",\"description\":\"TAX Consultancy\",\"publisher\":{\"@id\":\"https:\/\/cmbs-tax.com\/es\/#organization\"},\"potentialAction\":[{\"@type\":\"SearchAction\",\"target\":{\"@type\":\"EntryPoint\",\"urlTemplate\":\"https:\/\/cmbs-tax.com\/es\/?s={search_term_string}\"},\"query-input\":{\"@type\":\"PropertyValueSpecification\",\"valueRequired\":true,\"valueName\":\"search_term_string\"}}],\"inLanguage\":\"es\"},{\"@type\":\"Organization\",\"@id\":\"https:\/\/cmbs-tax.com\/es\/#organization\",\"name\":\"CMBS Middle East TAX Consultancy\",\"url\":\"https:\/\/cmbs-tax.com\/es\/\",\"logo\":{\"@type\":\"ImageObject\",\"inLanguage\":\"es\",\"@id\":\"https:\/\/cmbs-tax.com\/es\/#\/schema\/logo\/image\/\",\"url\":\"https:\/\/cmbs-tax.com\/wp-content\/uploads\/2024\/10\/cbms-law-logo-green-bg-1.webp\",\"contentUrl\":\"https:\/\/cmbs-tax.com\/wp-content\/uploads\/2024\/10\/cbms-law-logo-green-bg-1.webp\",\"width\":2083,\"height\":2083,\"caption\":\"CMBS Middle East TAX Consultancy\"},\"image\":{\"@id\":\"https:\/\/cmbs-tax.com\/es\/#\/schema\/logo\/image\/\"},\"sameAs\":[\"https:\/\/www.facebook.com\/cmbs.partners\",\"https:\/\/www.instagram.com\/cmbs.partners\",\"https:\/\/www.linkedin.com\/company\/cmbs-partners-legal-tax-consultancy\",\"https:\/\/www.youtube.com\/@cmbspartners\",\"https:\/\/www.x.com\/CMBSPartners\"]}]}<\/script>\n<!-- \/ Yoast SEO plugin. -->","yoast_head_json":{"title":"Asesor\u00eda Fiscal - CMBS Middle East TAX Consultancy asesoria fiscal google tax consultoria","description":"Ofrecemos asesor\u00eda fiscal especializada para empresas y particulares CMBS Middle East TAX Consultancy Asesor\u00eda Fiscal -","robots":{"index":"index","follow":"follow","max-snippet":"max-snippet:-1","max-image-preview":"max-image-preview:large","max-video-preview":"max-video-preview:-1"},"canonical":"https:\/\/cmbs-tax.com\/es\/tax-consulting\/","og_locale":"es_ES","og_type":"article","og_title":"Asesor\u00eda Fiscal - CMBS Middle East TAX Consultancy asesoria fiscal google tax consultoria","og_description":"Ofrecemos asesor\u00eda fiscal especializada para empresas y particulares CMBS Middle East TAX Consultancy Asesor\u00eda Fiscal -","og_url":"https:\/\/cmbs-tax.com\/es\/tax-consulting\/","og_site_name":"CMBS Middle East TAX Consultancy","article_publisher":"https:\/\/www.facebook.com\/cmbs.partners","article_modified_time":"2024-11-15T07:45:12+00:00","og_image":[{"width":1920,"height":800,"url":"https:\/\/cmbs-tax.com\/wp-content\/uploads\/2024\/09\/tax-consulting.webp","type":"image\/webp"}],"twitter_card":"summary_large_image","twitter_misc":{"Tiempo de lectura":"1 minuto"},"schema":{"@context":"https:\/\/schema.org","@graph":[{"@type":"WebPage","@id":"https:\/\/cmbs-tax.com\/es\/tax-consulting\/","url":"https:\/\/cmbs-tax.com\/es\/tax-consulting\/","name":"Asesor\u00eda Fiscal - CMBS Middle East TAX Consultancy asesoria fiscal google tax consultoria","isPartOf":{"@id":"https:\/\/cmbs-tax.com\/es\/#website"},"primaryImageOfPage":{"@id":"https:\/\/cmbs-tax.com\/es\/tax-consulting\/#primaryimage"},"image":{"@id":"https:\/\/cmbs-tax.com\/es\/tax-consulting\/#primaryimage"},"thumbnailUrl":"https:\/\/cmbs-tax.com\/wp-content\/uploads\/2024\/09\/tax-consulting.webp","datePublished":"2024-10-17T14:03:54+00:00","dateModified":"2024-11-15T07:45:12+00:00","description":"Ofrecemos asesor\u00eda fiscal especializada para empresas y particulares CMBS Middle East TAX Consultancy Asesor\u00eda Fiscal -","breadcrumb":{"@id":"https:\/\/cmbs-tax.com\/es\/tax-consulting\/#breadcrumb"},"inLanguage":"es","potentialAction":[{"@type":"ReadAction","target":["https:\/\/cmbs-tax.com\/es\/tax-consulting\/"]}]},{"@type":"ImageObject","inLanguage":"es","@id":"https:\/\/cmbs-tax.com\/es\/tax-consulting\/#primaryimage","url":"https:\/\/cmbs-tax.com\/wp-content\/uploads\/2024\/09\/tax-consulting.webp","contentUrl":"https:\/\/cmbs-tax.com\/wp-content\/uploads\/2024\/09\/tax-consulting.webp","width":1920,"height":800},{"@type":"BreadcrumbList","@id":"https:\/\/cmbs-tax.com\/es\/tax-consulting\/#breadcrumb","itemListElement":[{"@type":"ListItem","position":1,"name":"Home","item":"https:\/\/cmbs-tax.com\/es\/"},{"@type":"ListItem","position":2,"name":"Asesor\u00eda Fiscal"}]},{"@type":"WebSite","@id":"https:\/\/cmbs-tax.com\/es\/#website","url":"https:\/\/cmbs-tax.com\/es\/","name":"CMBS Middle East TAX Consultancy","description":"TAX Consultancy","publisher":{"@id":"https:\/\/cmbs-tax.com\/es\/#organization"},"potentialAction":[{"@type":"SearchAction","target":{"@type":"EntryPoint","urlTemplate":"https:\/\/cmbs-tax.com\/es\/?s={search_term_string}"},"query-input":{"@type":"PropertyValueSpecification","valueRequired":true,"valueName":"search_term_string"}}],"inLanguage":"es"},{"@type":"Organization","@id":"https:\/\/cmbs-tax.com\/es\/#organization","name":"CMBS Middle East TAX Consultancy","url":"https:\/\/cmbs-tax.com\/es\/","logo":{"@type":"ImageObject","inLanguage":"es","@id":"https:\/\/cmbs-tax.com\/es\/#\/schema\/logo\/image\/","url":"https:\/\/cmbs-tax.com\/wp-content\/uploads\/2024\/10\/cbms-law-logo-green-bg-1.webp","contentUrl":"https:\/\/cmbs-tax.com\/wp-content\/uploads\/2024\/10\/cbms-law-logo-green-bg-1.webp","width":2083,"height":2083,"caption":"CMBS Middle East TAX Consultancy"},"image":{"@id":"https:\/\/cmbs-tax.com\/es\/#\/schema\/logo\/image\/"},"sameAs":["https:\/\/www.facebook.com\/cmbs.partners","https:\/\/www.instagram.com\/cmbs.partners","https:\/\/www.linkedin.com\/company\/cmbs-partners-legal-tax-consultancy","https:\/\/www.youtube.com\/@cmbspartners","https:\/\/www.x.com\/CMBSPartners"]}]}},"_links":{"self":[{"href":"https:\/\/cmbs-tax.com\/es\/wp-json\/wp\/v2\/pages\/911","targetHints":{"allow":["GET"]}}],"collection":[{"href":"https:\/\/cmbs-tax.com\/es\/wp-json\/wp\/v2\/pages"}],"about":[{"href":"https:\/\/cmbs-tax.com\/es\/wp-json\/wp\/v2\/types\/page"}],"author":[{"embeddable":true,"href":"https:\/\/cmbs-tax.com\/es\/wp-json\/wp\/v2\/users\/3"}],"replies":[{"embeddable":true,"href":"https:\/\/cmbs-tax.com\/es\/wp-json\/wp\/v2\/comments?post=911"}],"version-history":[{"count":2,"href":"https:\/\/cmbs-tax.com\/es\/wp-json\/wp\/v2\/pages\/911\/revisions"}],"predecessor-version":[{"id":1087,"href":"https:\/\/cmbs-tax.com\/es\/wp-json\/wp\/v2\/pages\/911\/revisions\/1087"}],"wp:featuredmedia":[{"embeddable":true,"href":"https:\/\/cmbs-tax.com\/es\/wp-json\/wp\/v2\/media\/440"}],"wp:attachment":[{"href":"https:\/\/cmbs-tax.com\/es\/wp-json\/wp\/v2\/media?parent=911"}],"curies":[{"name":"wp","href":"https:\/\/api.w.org\/{rel}","templated":true}]}}